{"id":7800,"date":"2024-02-19T09:13:08","date_gmt":"2024-02-19T07:13:08","guid":{"rendered":"https:\/\/vienahotel.ro\/?page_id=7800"},"modified":"2024-02-19T10:34:00","modified_gmt":"2024-02-19T08:34:00","slug":"programul-operational-regional","status":"publish","type":"page","link":"https:\/\/vienahotel.ro\/en\/programul-operational-regional\/","title":{"rendered":"Programul operational regional 2014-2020 anunt de presa"},"content":{"rendered":"<div data-elementor-type=\"wp-page\" data-elementor-id=\"7800\" class=\"elementor elementor-7800\" data-elementor-settings=\"[]\">\n\t\t\t\t\t\t\t<div class=\"elementor-section-wrap\">\n\t\t\t\t\t\t\t<section class=\"elementor-section elementor-top-section elementor-element elementor-element-58c2c9e7 elementor-section-boxed elementor-section-height-default elementor-section-height-default\" data-id=\"58c2c9e7\" data-element_type=\"section\">\n\t\t\t\t\t\t<div class=\"elementor-container elementor-column-gap-default\">\n\t\t\t\t\t<div class=\"elementor-column elementor-col-100 elementor-top-column elementor-element elementor-element-e62bc8\" data-id=\"e62bc8\" data-element_type=\"column\">\n\t\t\t<div class=\"elementor-widget-wrap elementor-element-populated\">\n\t\t\t\t\t\t\t\t<div class=\"elementor-element elementor-element-ded9d55 elementor-widget elementor-widget-image\" data-id=\"ded9d55\" data-element_type=\"widget\" data-widget_type=\"image.default\">\n\t\t\t\t<div class=\"elementor-widget-container\">\n\t\t\t\t\t\t\t\t\t\t\t\t\t\t\t<img loading=\"lazy\" decoding=\"async\" width=\"791\" height=\"1024\" src=\"https:\/\/vienahotel.ro\/wp-content\/uploads\/2024\/02\/Anunt-de-presa-finalizare-proiect_PROIMUNITI-2013-1-791x1024.jpg\" class=\"attachment-large size-large\" alt=\"\" srcset=\"https:\/\/vienahotel.ro\/wp-content\/uploads\/2024\/02\/Anunt-de-presa-finalizare-proiect_PROIMUNITI-2013-1-791x1024.jpg 791w, https:\/\/vienahotel.ro\/wp-content\/uploads\/2024\/02\/Anunt-de-presa-finalizare-proiect_PROIMUNITI-2013-1-232x300.jpg 232w, https:\/\/vienahotel.ro\/wp-content\/uploads\/2024\/02\/Anunt-de-presa-finalizare-proiect_PROIMUNITI-2013-1-768x994.jpg 768w, https:\/\/vienahotel.ro\/wp-content\/uploads\/2024\/02\/Anunt-de-presa-finalizare-proiect_PROIMUNITI-2013-1-1187x1536.jpg 1187w, https:\/\/vienahotel.ro\/wp-content\/uploads\/2024\/02\/Anunt-de-presa-finalizare-proiect_PROIMUNITI-2013-1-1583x2048.jpg 1583w, https:\/\/vienahotel.ro\/wp-content\/uploads\/2024\/02\/Anunt-de-presa-finalizare-proiect_PROIMUNITI-2013-1-9x12.jpg 9w, https:\/\/vienahotel.ro\/wp-content\/uploads\/2024\/02\/Anunt-de-presa-finalizare-proiect_PROIMUNITI-2013-1-600x776.jpg 600w, https:\/\/vienahotel.ro\/wp-content\/uploads\/2024\/02\/Anunt-de-presa-finalizare-proiect_PROIMUNITI-2013-1.jpg 1700w\" sizes=\"auto, (max-width: 791px) 100vw, 791px\" \/>\t\t\t\t\t\t\t\t\t\t\t\t\t\t\t<\/div>\n\t\t\t\t<\/div>\n\t\t\t\t\t<\/div>\n\t\t<\/div>\n\t\t\t\t\t\t\t<\/div>\n\t\t<\/section>\n\t\t\t\t<section class=\"elementor-section elementor-top-section elementor-element elementor-element-0c0ca14 elementor-section-boxed elementor-section-height-default elementor-section-height-default\" data-id=\"0c0ca14\" data-element_type=\"section\">\n\t\t\t\t\t\t<div class=\"elementor-container elementor-column-gap-default\">\n\t\t\t\t\t<div class=\"elementor-column elementor-col-100 elementor-top-column elementor-element elementor-element-52d05a3\" data-id=\"52d05a3\" data-element_type=\"column\">\n\t\t\t<div class=\"elementor-widget-wrap elementor-element-populated\">\n\t\t\t\t\t\t\t\t<div class=\"elementor-element elementor-element-3bbfd41 elementor-widget elementor-widget-text-editor\" data-id=\"3bbfd41\" data-element_type=\"widget\" data-widget_type=\"text-editor.default\">\n\t\t\t\t<div class=\"elementor-widget-container\">\n\t\t\t\t\t\t\t\t<p>Pentru informa\u021bii detaliate despre celelalte programe cofinan\u021bate de Uniunea European\u0103, v\u0103 invit\u0103m s\u0103 vizita\u021bi<\/p><p><a href=\"http:\/\/www.fonduri-ue.ro\">www.fonduri-ue.ro<\/a><\/p><p><a href=\"http:\/\/www.inforegio.ro\">www.inforegio.ro<\/a> | <a href=\"http:\/\/facebook.com\/inforegio.ro\">facebook.com\/inforegio.ro<\/a><\/p><p>Con\u0163inutul acestui material nu reprezint\u0103 \u00een mod obligatoriu pozi\u0163ia oficial\u0103 a Uniunii Europene sau a Guvernului\u00a0Rom\u00e2niei.<\/p>\t\t\t\t\t\t<\/div>\n\t\t\t\t<\/div>\n\t\t\t\t\t<\/div>\n\t\t<\/div>\n\t\t\t\t\t\t\t<\/div>\n\t\t<\/section>\n\t\t\t\t<section class=\"elementor-section elementor-top-section elementor-element elementor-element-51496b0 elementor-section-boxed elementor-section-height-default elementor-section-height-default\" data-id=\"51496b0\" data-element_type=\"section\">\n\t\t\t\t\t\t<div class=\"elementor-container elementor-column-gap-default\">\n\t\t\t\t\t<div class=\"elementor-column elementor-col-100 elementor-top-column elementor-element elementor-element-a9b3bc4\" data-id=\"a9b3bc4\" data-element_type=\"column\">\n\t\t\t<div class=\"elementor-widget-wrap\">\n\t\t\t\t\t\t\t\t\t<\/div>\n\t\t<\/div>\n\t\t\t\t\t\t\t<\/div>\n\t\t<\/section>\n\t\t\t\t\t\t<\/div>\n\t\t\t\t\t<\/div>","protected":false},"excerpt":{"rendered":"<p>Pentru informa\u021bii detaliate despre celelalte programe cofinan\u021bate de Uniunea European\u0103, v\u0103 invit\u0103m s\u0103 vizita\u021bi www.fonduri-ue.ro www.inforegio.ro | facebook.com\/inforegio.ro Con\u0163inutul acestui material nu reprezint\u0103 \u00een mod obligatoriu pozi\u0163ia oficial\u0103 a Uniunii Europene sau a Guvernului\u00a0Rom\u00e2niei.<\/p>","protected":false},"author":1,"featured_media":0,"parent":0,"menu_order":0,"comment_status":"closed","ping_status":"closed","template":"","meta":{"footnotes":""},"class_list":["post-7800","page","type-page","status-publish","hentry"],"_links":{"self":[{"href":"https:\/\/vienahotel.ro\/en\/wp-json\/wp\/v2\/pages\/7800","targetHints":{"allow":["GET"]}}],"collection":[{"href":"https:\/\/vienahotel.ro\/en\/wp-json\/wp\/v2\/pages"}],"about":[{"href":"https:\/\/vienahotel.ro\/en\/wp-json\/wp\/v2\/types\/page"}],"author":[{"embeddable":true,"href":"https:\/\/vienahotel.ro\/en\/wp-json\/wp\/v2\/users\/1"}],"replies":[{"embeddable":true,"href":"https:\/\/vienahotel.ro\/en\/wp-json\/wp\/v2\/comments?post=7800"}],"version-history":[{"count":13,"href":"https:\/\/vienahotel.ro\/en\/wp-json\/wp\/v2\/pages\/7800\/revisions"}],"predecessor-version":[{"id":7817,"href":"https:\/\/vienahotel.ro\/en\/wp-json\/wp\/v2\/pages\/7800\/revisions\/7817"}],"wp:attachment":[{"href":"https:\/\/vienahotel.ro\/en\/wp-json\/wp\/v2\/media?parent=7800"}],"curies":[{"name":"wp","href":"https:\/\/api.w.org\/{rel}","templated":true}]}}